{"id":3246,"date":"2017-11-12T13:43:35","date_gmt":"2017-11-12T13:43:35","guid":{"rendered":"http:\/\/rogoznica.hr\/nova\/?page_id=3246"},"modified":"2024-03-25T17:06:34","modified_gmt":"2024-03-25T17:06:34","slug":"jedinstveni-upravni-odjel","status":"publish","type":"page","link":"https:\/\/rogoznica.hr\/nova\/jedinstveni-upravni-odjel\/","title":{"rendered":"JEDINSTVENI UPRAVNI ODJEL"},"content":{"rendered":"<p style=\"text-align: center;\">OP\u0106INA ROGOZNICA<\/p>\n<p style=\"text-align: center;\">Ulica hrvatske mornarice 17, 22203 Rogoznica<\/p>\n<p style=\"text-align: center;\">OIB: 13134387066<\/p>\n<p style=\"text-align: center;\">MBS: 2665212<\/p>\n<p style=\"text-align: center;\">IBAN: HR4123900011858200003<\/p>\n<p style=\"text-align: center;\">SWIFT\/BIC: HPBZHR2X<\/p>\n<p style=\"text-align: center;\">UREDOVNO VRIJEME: 07.30.-15.30<\/p>\n<p style=\"text-align: center;\">PAUZA: 10.30.-11.00<\/p>\n<p style=\"text-align: center;\">UREDOVNO VRIJEME SA STRANKAMA:<\/p>\n<p style=\"text-align: center;\">Od ponedjeljka do petka: 08.00-10.30 i 12.00-14.30<\/p>\n<p style=\"text-align: center;\">Telefon<\/p>\n<p style=\"text-align: center;\">Centrala \u2013 022 559 040<\/p>\n<table width=\"719\">\n<tbody>\n<tr>\n<td colspan=\"3\" width=\"719\">\n<p style=\"text-align: center;\"><strong>JEDINSTVENI UPRAVNI ODJEL<\/strong><\/p>\n<\/td>\n<\/tr>\n<tr>\n<td width=\"192\"><\/td>\n<td width=\"363\"><\/td>\n<td width=\"164\"><\/td>\n<\/tr>\n<tr>\n<td width=\"192\">Dragana Zeba<\/td>\n<td width=\"363\">Pro\u010delnica JUO po ovla\u0161tenju<\/td>\n<td width=\"164\"><u><a href=\"mailto:dragana@rogoznica.hr\">dragana@rogoznica.hr<\/a><\/u><\/td>\n<\/tr>\n<tr>\n<td width=\"192\">Tanja Bo\u017ean<\/td>\n<td width=\"363\">Referent \u2013 administrativni tajnik<\/td>\n<td width=\"164\"><u><a href=\"mailto:tanja@rogoznica.hr\">tanja@rogoznica.hr<\/a><\/u><\/td>\n<\/tr>\n<tr>\n<td width=\"192\">\u017deljko Lu\u0161i\u0107<\/td>\n<td width=\"363\">Telefonist<\/td>\n<td width=\"164\"><\/td>\n<\/tr>\n<tr>\n<td width=\"192\"><\/td>\n<td width=\"363\"><\/td>\n<td width=\"164\"><\/td>\n<\/tr>\n<tr>\n<td colspan=\"3\" width=\"719\">\n<p style=\"text-align: center;\"><strong>ODSJEK ZA FINANCIJE, GOSPODARSTVO I EU FONDOVE<\/strong><\/p>\n<\/td>\n<\/tr>\n<tr>\n<td width=\"192\"><\/td>\n<td width=\"363\"><\/td>\n<td width=\"164\"><\/td>\n<\/tr>\n<tr>\n<td width=\"192\">Katarina Turk<\/td>\n<td width=\"363\">Voditelj odsjeka za financije, gospodarstvo i EU fondove<\/td>\n<td width=\"164\"><u><a href=\"mailto:katarina@rogoznica.hr\">katarina@rogoznica.hr<\/a><\/u><\/td>\n<\/tr>\n<tr>\n<td width=\"192\"><\/td>\n<td width=\"363\"><\/td>\n<td width=\"164\"><\/td>\n<\/tr>\n<tr>\n<td width=\"192\">Ljiljana \u017divkovi\u0107<\/td>\n<td width=\"363\">Referent za komunalne poslove<\/td>\n<td width=\"164\"><u><a href=\"mailto:ljiljana@rogoznica.hr\">ljiljana@rogoznica.hr<\/a><\/u><\/td>\n<\/tr>\n<tr>\n<td width=\"192\"><\/td>\n<td width=\"363\"><\/td>\n<td width=\"164\"><\/td>\n<\/tr>\n<tr>\n<td colspan=\"3\" width=\"719\">\n<p style=\"text-align: center;\"><strong>ODSJEK ZA KOMUNALNE, PRAVNE I OP\u0106E POSLOVE<\/strong><\/p>\n<\/td>\n<\/tr>\n<tr>\n<td width=\"192\">Anita Bijeli\u0107<\/td>\n<td width=\"363\">Voditelj odsjeka za komunalne, pravne i op\u0107e poslove<\/td>\n<td width=\"164\"><u><a href=\"mailto:anita@rogoznica.hr\">anita@rogoznica.hr<\/a><\/u><\/td>\n<\/tr>\n<tr>\n<td width=\"192\">Nino Galovac<\/td>\n<td width=\"363\">Savjetnik za gradnju i prostorno planiranje<\/td>\n<td width=\"164\"><u><a href=\"mailto:nino@rogoznica.hr\">nino@rogoznica.hr<\/a><\/u><\/td>\n<\/tr>\n<tr>\n<td width=\"192\">Ivan Gole\u0161<\/td>\n<td width=\"363\">Savjetnik za financije<\/td>\n<td width=\"164\"><u><a href=\"mailto:ivan@rogoznica.hr\">ivan@rogoznica.hr<\/a><\/u><\/td>\n<\/tr>\n<tr>\n<td width=\"192\">Emanuel Ercegovi\u0107<\/td>\n<td width=\"363\">Referent \u2013 komunalni i prometni redar<\/td>\n<td width=\"164\"><u><a href=\"mailto:emi@rogoznica\">emi@rogoznica<\/a><\/u><\/td>\n<\/tr>\n<tr>\n<td width=\"192\">Adrian \u0160ari\u0107 Bego<\/td>\n<td width=\"363\">Referent \u2013 komunalni i prometni redar<\/td>\n<td width=\"164\"><u><a href=\"mailto:adrian@rogoznica.hr\">adrian@rogoznica.hr<\/a><\/u><\/td>\n<\/tr>\n<\/tbody>\n<\/table>\n<p>&nbsp;<\/p>\n<p>&nbsp;<\/p>\n<p>&nbsp;<\/p>\n","protected":false},"excerpt":{"rendered":"<p>OP\u0106INA ROGOZNICA Ulica hrvatske mornarice 17, 22203 Rogoznica OIB: 13134387066 MBS: 2665212 IBAN: HR4123900011858200003 SWIFT\/BIC: HPBZHR2X UREDOVNO VRIJEME: 07.30.-15.30 PAUZA: 10.30.-11.00 UREDOVNO VRIJEME SA STRANKAMA: Od ponedjeljka do petka: 08.00-10.30 i 12.00-14.30 Telefon Centrala \u2013 022 559 040 JEDINSTVENI UPRAVNI ODJEL Dragana Zeba Pro\u010delnica JUO po ovla\u0161tenju dragana@rogoznica.hr Tanja Bo\u017ean Referent \u2013 administrativni tajnik tanja@rogoznica.hr<\/p>\n","protected":false},"author":1,"featured_media":0,"parent":0,"menu_order":0,"comment_status":"closed","ping_status":"closed","template":"","meta":[],"_links":{"self":[{"href":"https:\/\/rogoznica.hr\/nova\/wp-json\/wp\/v2\/pages\/3246"}],"collection":[{"href":"https:\/\/rogoznica.hr\/nova\/wp-json\/wp\/v2\/pages"}],"about":[{"href":"https:\/\/rogoznica.hr\/nova\/wp-json\/wp\/v2\/types\/page"}],"author":[{"embeddable":true,"href":"https:\/\/rogoznica.hr\/nova\/wp-json\/wp\/v2\/users\/1"}],"replies":[{"embeddable":true,"href":"https:\/\/rogoznica.hr\/nova\/wp-json\/wp\/v2\/comments?post=3246"}],"version-history":[{"count":16,"href":"https:\/\/rogoznica.hr\/nova\/wp-json\/wp\/v2\/pages\/3246\/revisions"}],"predecessor-version":[{"id":6374,"href":"https:\/\/rogoznica.hr\/nova\/wp-json\/wp\/v2\/pages\/3246\/revisions\/6374"}],"wp:attachment":[{"href":"https:\/\/rogoznica.hr\/nova\/wp-json\/wp\/v2\/media?parent=3246"}],"curies":[{"name":"wp","href":"https:\/\/api.w.org\/{rel}","templated":true}]}}