{"id":3260,"date":"2017-11-12T13:49:44","date_gmt":"2017-11-12T13:49:44","guid":{"rendered":"http:\/\/rogoznica.hr\/nova\/?page_id=3260"},"modified":"2017-11-12T13:49:44","modified_gmt":"2017-11-12T13:49:44","slug":"poduzeca-i-ustanove","status":"publish","type":"page","link":"https:\/\/rogoznica.hr\/nova\/poduzeca-i-ustanove\/","title":{"rendered":"PODUZE\u0106A I USTANOVE"},"content":{"rendered":"<p><strong>TURISTI\u010cKA ZAJEDNICA OP\u0106INE ROGOZNICA<\/strong><\/p>\n<p>Adresa: Obala kneza Domagoja 56, 22203 Rogoznica<\/p>\n<p>Telefon: +385 22 559 253<\/p>\n<p>Fax: +385 22 558 030, +385 22 559 253<\/p>\n<p>E-mail: turisticka-zajednica@si.htnet.hr<\/p>\n<p>Web: <a href=\"http:\/\/www.rogoznica.net\" target=\"_blank\" rel=\"noopener\">www.rogoznica.net<\/a><\/p>\n<p>&nbsp;<\/p>\n<p><strong>KOMUNALNO PODUZE\u0106E \u0160KOVACIN d.o.o.<\/strong><\/p>\n<p>Adresa: Obala kneza Domagoja 54, 22203 Rogoznica<\/p>\n<p>Tel.\/Fax.: +385 22 558 427<\/p>\n<p>E-mail: k.usluga@skovacin.hr<\/p>\n<p>Web: <a href=\"http:\/\/www.skovacin.hr\" target=\"_blank\" rel=\"noopener\">www.skovacin.hr<\/a><\/p>\n<p>&nbsp;<\/p>\n<p><strong>VODOVOD I ODVODNJA d.o.o. \u0160IBENIK<\/strong><\/p>\n<p>Adresa: Ulica kralja Zvonimira 50, 22000 \u0160ibenik<\/p>\n<p>Tel.: +385 22 311 830<\/p>\n<p>E-mail: kontakt@vodovodsib.hr<\/p>\n<p>Web: <a href=\"http:\/\/www.vodovodsib.hr\" target=\"_blank\" rel=\"noopener\">www.vodovodsib.hr<\/a><\/p>\n","protected":false},"excerpt":{"rendered":"<p>TURISTI\u010cKA ZAJEDNICA OP\u0106INE ROGOZNICA Adresa: Obala kneza Domagoja 56, 22203 Rogoznica Telefon: +385 22 559 253 Fax: +385 22 558 030, +385 22 559 253 E-mail: turisticka-zajednica@si.htnet.hr Web: www.rogoznica.net &nbsp; KOMUNALNO PODUZE\u0106E \u0160KOVACIN d.o.o. Adresa: Obala kneza Domagoja 54, 22203 Rogoznica Tel.\/Fax.: +385 22 558 427 E-mail: k.usluga@skovacin.hr Web: www.skovacin.hr &nbsp; VODOVOD I ODVODNJA d.o.o.<\/p>\n","protected":false},"author":1,"featured_media":0,"parent":0,"menu_order":0,"comment_status":"closed","ping_status":"closed","template":"","meta":[],"_links":{"self":[{"href":"https:\/\/rogoznica.hr\/nova\/wp-json\/wp\/v2\/pages\/3260"}],"collection":[{"href":"https:\/\/rogoznica.hr\/nova\/wp-json\/wp\/v2\/pages"}],"about":[{"href":"https:\/\/rogoznica.hr\/nova\/wp-json\/wp\/v2\/types\/page"}],"author":[{"embeddable":true,"href":"https:\/\/rogoznica.hr\/nova\/wp-json\/wp\/v2\/users\/1"}],"replies":[{"embeddable":true,"href":"https:\/\/rogoznica.hr\/nova\/wp-json\/wp\/v2\/comments?post=3260"}],"version-history":[{"count":1,"href":"https:\/\/rogoznica.hr\/nova\/wp-json\/wp\/v2\/pages\/3260\/revisions"}],"predecessor-version":[{"id":3261,"href":"https:\/\/rogoznica.hr\/nova\/wp-json\/wp\/v2\/pages\/3260\/revisions\/3261"}],"wp:attachment":[{"href":"https:\/\/rogoznica.hr\/nova\/wp-json\/wp\/v2\/media?parent=3260"}],"curies":[{"name":"wp","href":"https:\/\/api.w.org\/{rel}","templated":true}]}}