{"id":4105,"date":"2020-02-21T12:56:01","date_gmt":"2020-02-21T12:56:01","guid":{"rendered":"http:\/\/rogoznica.hr\/nova\/?page_id=4105"},"modified":"2021-01-27T08:55:11","modified_gmt":"2021-01-27T08:55:11","slug":"sluzbeni-vjesnik-opcine-rogoznica-2020","status":"publish","type":"page","link":"https:\/\/rogoznica.hr\/nova\/sluzbeni-vjesnik-opcine-rogoznica-2020\/","title":{"rendered":"SLU\u017dBENI VJESNIK OP\u0106INE ROGOZNICA 2020."},"content":{"rendered":"<p><a href=\"https:\/\/rogoznica.hr\/nova\/wp-content\/uploads\/2021\/01\/sluzbeni-vijesnik_08_2020-Opcina-Rogoznica1.pdf\">slu\u017ebeni vjesnik br. 8<\/a><\/p>\n<p><a href=\"https:\/\/rogoznica.hr\/nova\/wp-content\/uploads\/2020\/02\/slu\u017ebeni-vijesnik_07_2020-Op\u0107ina-Rogoznica-002.pdf\">slu\u017ebeni vjesnik br. 7<\/a><\/p>\n<p><a href=\"https:\/\/rogoznica.hr\/nova\/wp-content\/uploads\/2020\/02\/slu\u017ebeni-vijesnik_06_2020-Op\u0107ina-Rogoznica.pdf\">slu\u017ebeni vjesnik br. 6<\/a><\/p>\n<p><a href=\"https:\/\/rogoznica.hr\/nova\/wp-content\/uploads\/2020\/02\/slu\u017ebeni-vijesnik_05_2020-Op\u0107ina-Rogoznica.pdf\">slu\u017ebeni vjesnik br. 5<\/a><\/p>\n<p><a href=\"https:\/\/rogoznica.hr\/nova\/wp-content\/uploads\/2020\/02\/slu\u017ebeni-vijesnik_04_2020-Op\u0107ina-Rogoznica.pdf\">slu\u017ebeni vjesnik br. 4<\/a><\/p>\n<p><a href=\"https:\/\/rogoznica.hr\/nova\/wp-content\/uploads\/2020\/02\/slu\u017ebeni-vjesnik-br.-3.pdf\">slu\u017ebeni vjesnik br. 3<\/a><\/p>\n<p><a href=\"https:\/\/rogoznica.hr\/nova\/wp-content\/uploads\/2020\/02\/slu\u017ebeni-vijesnik_02_2020-Op\u0107ina-Rogoznica.pdf\">slu\u017ebeni vjesnik br. 2<\/a><\/p>\n<p><a href=\"https:\/\/rogoznica.hr\/nova\/wp-content\/uploads\/2020\/02\/slu\u017ebeni-vijesnik_01_2020-Op\u0107ina-Rogoznica.pdf\">slu\u017ebeni vjesnik br. 1<\/a><\/p>\n<p>&nbsp;<\/p>\n","protected":false},"excerpt":{"rendered":"<p>slu\u017ebeni vjesnik br. 8 slu\u017ebeni vjesnik br. 7 slu\u017ebeni vjesnik br. 6 slu\u017ebeni vjesnik br. 5 slu\u017ebeni vjesnik br. 4 slu\u017ebeni vjesnik br. 3 slu\u017ebeni vjesnik br. 2 slu\u017ebeni vjesnik br. 1 &nbsp;<\/p>\n","protected":false},"author":1,"featured_media":0,"parent":0,"menu_order":0,"comment_status":"closed","ping_status":"closed","template":"","meta":[],"_links":{"self":[{"href":"https:\/\/rogoznica.hr\/nova\/wp-json\/wp\/v2\/pages\/4105"}],"collection":[{"href":"https:\/\/rogoznica.hr\/nova\/wp-json\/wp\/v2\/pages"}],"about":[{"href":"https:\/\/rogoznica.hr\/nova\/wp-json\/wp\/v2\/types\/page"}],"author":[{"embeddable":true,"href":"https:\/\/rogoznica.hr\/nova\/wp-json\/wp\/v2\/users\/1"}],"replies":[{"embeddable":true,"href":"https:\/\/rogoznica.hr\/nova\/wp-json\/wp\/v2\/comments?post=4105"}],"version-history":[{"count":11,"href":"https:\/\/rogoznica.hr\/nova\/wp-json\/wp\/v2\/pages\/4105\/revisions"}],"predecessor-version":[{"id":4472,"href":"https:\/\/rogoznica.hr\/nova\/wp-json\/wp\/v2\/pages\/4105\/revisions\/4472"}],"wp:attachment":[{"href":"https:\/\/rogoznica.hr\/nova\/wp-json\/wp\/v2\/media?parent=4105"}],"curies":[{"name":"wp","href":"https:\/\/api.w.org\/{rel}","templated":true}]}}