{"id":425,"date":"2013-01-22T14:01:28","date_gmt":"2013-01-22T14:01:28","guid":{"rendered":"http:\/\/rogoznica.hr\/nova\/?page_id=425"},"modified":"2022-10-27T08:00:15","modified_gmt":"2022-10-27T08:00:15","slug":"home-test","status":"publish","type":"page","link":"https:\/\/rogoznica.hr\/nova\/","title":{"rendered":"Main Home"},"content":{"rendered":"<div class=\"row cf\"><div class=\"column half\">\n\n\t<section class=\"highlights\">\n\t\t\t\t\n\t\t\t\t\n\t\t\n\t\t\t\t\n\t\t\t\t\n\t\t\t\t\t\t\t<span class=\"cat-title larger cat-\">\n\t\t\t\t\t<a href=\"\"><\/a><\/span>\n\t\t\t\t\t\t\n\t\t\t<article itemscope itemtype=\"http:\/\/schema.org\/Article\">\n\t\t\t\t\t\n\t\t\t\t<a href=\"https:\/\/rogoznica.hr\/nova\/natjecaj-za-dodjelu-stalnog-veza-u-luci-rogoznica\/\" title=\"NATJE\u010cAJ ZA DODJELU STALNOG VEZA U LUCI ROGOZNICA\" class=\"image-link\" itemprop=\"url\">\n\t\t\t\t\t<img width=\"351\" height=\"185\" src=\"https:\/\/rogoznica.hr\/nova\/wp-content\/uploads\/2015\/03\/programi_rog-351x185.jpg\" class=\"image wp-post-image\" alt=\"\" loading=\"lazy\" title=\"NATJE\u010cAJ ZA DODJELU STALNOG VEZA U LUCI ROGOZNICA\" \/>\t\t\t\t\t\n\t\t\t\t\t\t\t\t\t\t\n\t\t\t\t\t\t\t\t\t<\/a>\n\t\t\t\t\n\t\t\t\t<div class=\"meta\">\n\t\t\t\t\t<time datetime=\"2024-04-26T11:03:22+00:00\" itemprop=\"datePublished\">26. travnja 2024. <\/time>\n\t\t\t\t\t\n\t\t\t\t\t\t\t\t\t\t\n\t\t\t\t\t<span class=\"comments\"><a href=\"https:\/\/rogoznica.hr\/nova\/natjecaj-za-dodjelu-stalnog-veza-u-luci-rogoznica\/#respond\"><i class=\"fa fa-comments-o\"><\/i>\n\t\t\t\t\t\t0<\/a><\/span>\n\t\t\t\t\t\n\t\t\t\t<\/div>\n\t\t\t\t\n\t\t\t\t<h2 itemprop=\"name\"><a href=\"https:\/\/rogoznica.hr\/nova\/natjecaj-za-dodjelu-stalnog-veza-u-luci-rogoznica\/\" title=\"NATJE\u010cAJ ZA DODJELU STALNOG VEZA U LUCI ROGOZNICA\">NATJE\u010cAJ ZA DODJELU STALNOG VEZA U LUCI ROGOZNICA<\/a><\/h2>\n\t\t\t\t\n\t\t\t\t\t\t\t\t\n\t\t\t\t<div class=\"excerpt\">\n\t\t\t\t\t<p>Natjecaj-za-dodjelu-stalnog-veza-u-luci-Rogoznica.PDF Obrazac-za-prijavu-Rogoznica-2024.PDF<\/p>\n\t\t\t\t<\/div>\n\t\t\t\t\t\t\t\t\n\t\t\t\t\t\t\t\t\n\t\t\t<\/article>\n\t\t\t\n\t\t\t\t\t\t\t\t\n\t\t\t<ul class=\"block posts-list thumb\">\n\t\t\t\n\t\t\t\t\n\t\t\t\t\n\t\t\t\t\n\t\t\t\t\t\n\t\t\t\n\t\t\t\t<li>\n\t\t\t\n\t\t\t\t\t\t\t\n\t\t\t\t\t<a href=\"https:\/\/rogoznica.hr\/nova\/jednostavna-nabava-prijevoz-tucanika-i-strojno-razastiranje-istog-na-nekoncesioniranim-plazama-2\/\"><img width=\"110\" height=\"96\" src=\"https:\/\/rogoznica.hr\/nova\/wp-content\/uploads\/2015\/03\/programi_rog-110x96.jpg\" class=\"attachment-post-thumbnail size-post-thumbnail wp-post-image\" alt=\"\" loading=\"lazy\" title=\"JEDNOSTAVNA NABAVA\/PRIJEVOZ TUCANIKA I STROJNO RAZASTIRANJE ISTOG NA NEKONCESIONIRANIM PLA\u017dAMA\" \/>\n\t\t\t\t\t\t\t\t\t\t\n\t\t\t\t\t<\/a>\n\t\t\t\t\t\n\t\t\t\t\t<div class=\"content\">\n\n\t\t\t\t\t\t\n\t\t\t\t\t\t<time datetime=\"2024-04-26T09:48:07+00:00\">26. travnja 2024. <\/time>\n\n\t\t\t\t\t\n\t\t\t\t\t\t<a href=\"https:\/\/rogoznica.hr\/nova\/jednostavna-nabava-prijevoz-tucanika-i-strojno-razastiranje-istog-na-nekoncesioniranim-plazama-2\/\" title=\"JEDNOSTAVNA NABAVA\/PRIJEVOZ TUCANIKA I STROJNO RAZASTIRANJE ISTOG NA NEKONCESIONIRANIM PLA\u017dAMA\">\n\t\t\t\t\t\t\tJEDNOSTAVNA NABAVA\/PRIJEVOZ TUCANIKA I STROJNO RAZASTIRANJE ISTOG NA NEKONCESIONIRANIM PLA\u017dAMA<\/a>\n\t\t\t\t\t\t\t\n\t\t\t\t\t\t\t\t\t\t\t\t\t\t\t\t\t\t\t\t\t\t\t\n\t\t\t\t\t<\/div>\n\t\t\t\t\n\t\t\t\t\t\t\n\t\t\t\t<\/li>\n\t\t\t\n\t\t\t\t\n\t\t\t\t\t\n\t\t\t\n\t\t\t\t<li>\n\t\t\t\n\t\t\t\t\t\t\t\n\t\t\t\t\t<a href=\"https:\/\/rogoznica.hr\/nova\/odluka-opcinske-nacelnice-o-financiranju-projekata-i-programa-javnih-potreba-u-kulturi-i-udruga-civilnog-drustva-3\/\"><img width=\"110\" height=\"96\" src=\"https:\/\/rogoznica.hr\/nova\/wp-content\/uploads\/2015\/03\/programi_rog-110x96.jpg\" class=\"attachment-post-thumbnail size-post-thumbnail wp-post-image\" alt=\"\" loading=\"lazy\" title=\"Odluka op\u0107inske na\u010delnice o financiranju projekata i programa javnih potreba u kulturi i udruga civilnog dru\u0161tva\" \/>\n\t\t\t\t\t\t\t\t\t\t\n\t\t\t\t\t<\/a>\n\t\t\t\t\t\n\t\t\t\t\t<div class=\"content\">\n\n\t\t\t\t\t\t\n\t\t\t\t\t\t<time datetime=\"2024-04-25T09:22:09+00:00\">25. travnja 2024. <\/time>\n\n\t\t\t\t\t\n\t\t\t\t\t\t<a href=\"https:\/\/rogoznica.hr\/nova\/odluka-opcinske-nacelnice-o-financiranju-projekata-i-programa-javnih-potreba-u-kulturi-i-udruga-civilnog-drustva-3\/\" title=\"Odluka op\u0107inske na\u010delnice o financiranju projekata i programa javnih potreba u kulturi i udruga civilnog dru\u0161tva\">\n\t\t\t\t\t\t\tOdluka op\u0107inske na\u010delnice o financiranju projekata i programa javnih potreba u kulturi i udruga civilnog dru\u0161tva<\/a>\n\t\t\t\t\t\t\t\n\t\t\t\t\t\t\t\t\t\t\t\t\t\t\t\t\t\t\t\t\t\t\t\n\t\t\t\t\t<\/div>\n\t\t\t\t\n\t\t\t\t\t\t\n\t\t\t\t<\/li>\n\t\t\t\n\t\t\t\t\n\t\t\t\t\t\n\t\t\t\n\t\t\t\t<li>\n\t\t\t\n\t\t\t\t\t\t\t\n\t\t\t\t\t<a href=\"https:\/\/rogoznica.hr\/nova\/odluka-opcinske-nacelnice-o-financiranju-projekata-i-programa-javnih-potreba-u-sportu-3\/\"><img width=\"110\" height=\"96\" src=\"https:\/\/rogoznica.hr\/nova\/wp-content\/uploads\/2015\/03\/programi_rog-110x96.jpg\" class=\"attachment-post-thumbnail size-post-thumbnail wp-post-image\" alt=\"\" loading=\"lazy\" title=\"Odluka op\u0107inske na\u010delnice o financiranju projekata i programa javnih potreba u sportu\" \/>\n\t\t\t\t\t\t\t\t\t\t\n\t\t\t\t\t<\/a>\n\t\t\t\t\t\n\t\t\t\t\t<div class=\"content\">\n\n\t\t\t\t\t\t\n\t\t\t\t\t\t<time datetime=\"2024-04-25T09:21:03+00:00\">25. travnja 2024. <\/time>\n\n\t\t\t\t\t\n\t\t\t\t\t\t<a href=\"https:\/\/rogoznica.hr\/nova\/odluka-opcinske-nacelnice-o-financiranju-projekata-i-programa-javnih-potreba-u-sportu-3\/\" title=\"Odluka op\u0107inske na\u010delnice o financiranju projekata i programa javnih potreba u sportu\">\n\t\t\t\t\t\t\tOdluka op\u0107inske na\u010delnice o financiranju projekata i programa javnih potreba u sportu<\/a>\n\t\t\t\t\t\t\t\n\t\t\t\t\t\t\t\t\t\t\t\t\t\t\t\t\t\t\t\t\t\t\t\n\t\t\t\t\t<\/div>\n\t\t\t\t\n\t\t\t\t\t\t\n\t\t\t\t<\/li>\n\t\t\t\n\t\t\t\t\t\n\t\t\t <\/ul> \t\t\t\n\t\t\n\t<\/section>\n\t\n\t<\/div><div class=\"column half\">\n\n\t<section class=\"highlights\">\n\t\t\t\t\n\t\t\t\t\n\t\t\n\t\t\t\t\n\t\t\t\t\n\t\t\t\t\t\t\t<span class=\"cat-title larger cat-\">\n\t\t\t\t\t<a href=\"\"><\/a><\/span>\n\t\t\t\t\t\t\n\t\t\t<article itemscope itemtype=\"http:\/\/schema.org\/Article\">\n\t\t\t\t\t\n\t\t\t\t<a href=\"https:\/\/rogoznica.hr\/nova\/natjecaj-za-dodjelu-stalnog-veza-u-luci-rogoznica\/\" title=\"NATJE\u010cAJ ZA DODJELU STALNOG VEZA U LUCI ROGOZNICA\" class=\"image-link\" itemprop=\"url\">\n\t\t\t\t\t<img width=\"351\" height=\"185\" src=\"https:\/\/rogoznica.hr\/nova\/wp-content\/uploads\/2015\/03\/programi_rog-351x185.jpg\" class=\"image wp-post-image\" alt=\"\" loading=\"lazy\" title=\"NATJE\u010cAJ ZA DODJELU STALNOG VEZA U LUCI ROGOZNICA\" \/>\t\t\t\t\t\n\t\t\t\t\t\t\t\t\t\t\n\t\t\t\t\t\t\t\t\t<\/a>\n\t\t\t\t\n\t\t\t\t<div class=\"meta\">\n\t\t\t\t\t<time datetime=\"2024-04-26T11:03:22+00:00\" itemprop=\"datePublished\">26. travnja 2024. <\/time>\n\t\t\t\t\t\n\t\t\t\t\t\t\t\t\t\t\n\t\t\t\t\t<span class=\"comments\"><a href=\"https:\/\/rogoznica.hr\/nova\/natjecaj-za-dodjelu-stalnog-veza-u-luci-rogoznica\/#respond\"><i class=\"fa fa-comments-o\"><\/i>\n\t\t\t\t\t\t0<\/a><\/span>\n\t\t\t\t\t\n\t\t\t\t<\/div>\n\t\t\t\t\n\t\t\t\t<h2 itemprop=\"name\"><a href=\"https:\/\/rogoznica.hr\/nova\/natjecaj-za-dodjelu-stalnog-veza-u-luci-rogoznica\/\" title=\"NATJE\u010cAJ ZA DODJELU STALNOG VEZA U LUCI ROGOZNICA\">NATJE\u010cAJ ZA DODJELU STALNOG VEZA U LUCI ROGOZNICA<\/a><\/h2>\n\t\t\t\t\n\t\t\t\t\t\t\t\t\n\t\t\t\t<div class=\"excerpt\">\n\t\t\t\t\t<p>Natjecaj-za-dodjelu-stalnog-veza-u-luci-Rogoznica.PDF Obrazac-za-prijavu-Rogoznica-2024.PDF<\/p>\n\t\t\t\t<\/div>\n\t\t\t\t\t\t\t\t\n\t\t\t\t\t\t\t\t\n\t\t\t<\/article>\n\t\t\t\n\t\t\t\t\t\t\t\t\n\t\t\t<ul class=\"block posts-list thumb\">\n\t\t\t\n\t\t\t\t\n\t\t\t\t\n\t\t\t\t\n\t\t\t\t\t\n\t\t\t\n\t\t\t\t<li>\n\t\t\t\n\t\t\t\t\t\t\t\n\t\t\t\t\t<a href=\"https:\/\/rogoznica.hr\/nova\/jednostavna-nabava-prijevoz-tucanika-i-strojno-razastiranje-istog-na-nekoncesioniranim-plazama-2\/\"><img width=\"110\" height=\"96\" src=\"https:\/\/rogoznica.hr\/nova\/wp-content\/uploads\/2015\/03\/programi_rog-110x96.jpg\" class=\"attachment-post-thumbnail size-post-thumbnail wp-post-image\" alt=\"\" loading=\"lazy\" title=\"JEDNOSTAVNA NABAVA\/PRIJEVOZ TUCANIKA I STROJNO RAZASTIRANJE ISTOG NA NEKONCESIONIRANIM PLA\u017dAMA\" \/>\n\t\t\t\t\t\t\t\t\t\t\n\t\t\t\t\t<\/a>\n\t\t\t\t\t\n\t\t\t\t\t<div class=\"content\">\n\n\t\t\t\t\t\t\n\t\t\t\t\t\t<time datetime=\"2024-04-26T09:48:07+00:00\">26. travnja 2024. <\/time>\n\n\t\t\t\t\t\n\t\t\t\t\t\t<a href=\"https:\/\/rogoznica.hr\/nova\/jednostavna-nabava-prijevoz-tucanika-i-strojno-razastiranje-istog-na-nekoncesioniranim-plazama-2\/\" title=\"JEDNOSTAVNA NABAVA\/PRIJEVOZ TUCANIKA I STROJNO RAZASTIRANJE ISTOG NA NEKONCESIONIRANIM PLA\u017dAMA\">\n\t\t\t\t\t\t\tJEDNOSTAVNA NABAVA\/PRIJEVOZ TUCANIKA I STROJNO RAZASTIRANJE ISTOG NA NEKONCESIONIRANIM PLA\u017dAMA<\/a>\n\t\t\t\t\t\t\t\n\t\t\t\t\t\t\t\t\t\t\t\t\t\t\t\t\t\t\t\t\t\t\t\n\t\t\t\t\t<\/div>\n\t\t\t\t\n\t\t\t\t\t\t\n\t\t\t\t<\/li>\n\t\t\t\n\t\t\t\t\n\t\t\t\t\t\n\t\t\t\n\t\t\t\t<li>\n\t\t\t\n\t\t\t\t\t\t\t\n\t\t\t\t\t<a href=\"https:\/\/rogoznica.hr\/nova\/odluka-opcinske-nacelnice-o-financiranju-projekata-i-programa-javnih-potreba-u-kulturi-i-udruga-civilnog-drustva-3\/\"><img width=\"110\" height=\"96\" src=\"https:\/\/rogoznica.hr\/nova\/wp-content\/uploads\/2015\/03\/programi_rog-110x96.jpg\" class=\"attachment-post-thumbnail size-post-thumbnail wp-post-image\" alt=\"\" loading=\"lazy\" title=\"Odluka op\u0107inske na\u010delnice o financiranju projekata i programa javnih potreba u kulturi i udruga civilnog dru\u0161tva\" \/>\n\t\t\t\t\t\t\t\t\t\t\n\t\t\t\t\t<\/a>\n\t\t\t\t\t\n\t\t\t\t\t<div class=\"content\">\n\n\t\t\t\t\t\t\n\t\t\t\t\t\t<time datetime=\"2024-04-25T09:22:09+00:00\">25. travnja 2024. <\/time>\n\n\t\t\t\t\t\n\t\t\t\t\t\t<a href=\"https:\/\/rogoznica.hr\/nova\/odluka-opcinske-nacelnice-o-financiranju-projekata-i-programa-javnih-potreba-u-kulturi-i-udruga-civilnog-drustva-3\/\" title=\"Odluka op\u0107inske na\u010delnice o financiranju projekata i programa javnih potreba u kulturi i udruga civilnog dru\u0161tva\">\n\t\t\t\t\t\t\tOdluka op\u0107inske na\u010delnice o financiranju projekata i programa javnih potreba u kulturi i udruga civilnog dru\u0161tva<\/a>\n\t\t\t\t\t\t\t\n\t\t\t\t\t\t\t\t\t\t\t\t\t\t\t\t\t\t\t\t\t\t\t\n\t\t\t\t\t<\/div>\n\t\t\t\t\n\t\t\t\t\t\t\n\t\t\t\t<\/li>\n\t\t\t\n\t\t\t\t\n\t\t\t\t\t\n\t\t\t\n\t\t\t\t<li>\n\t\t\t\n\t\t\t\t\t\t\t\n\t\t\t\t\t<a href=\"https:\/\/rogoznica.hr\/nova\/odluka-opcinske-nacelnice-o-financiranju-projekata-i-programa-javnih-potreba-u-sportu-3\/\"><img width=\"110\" height=\"96\" src=\"https:\/\/rogoznica.hr\/nova\/wp-content\/uploads\/2015\/03\/programi_rog-110x96.jpg\" class=\"attachment-post-thumbnail size-post-thumbnail wp-post-image\" alt=\"\" loading=\"lazy\" title=\"Odluka op\u0107inske na\u010delnice o financiranju projekata i programa javnih potreba u sportu\" \/>\n\t\t\t\t\t\t\t\t\t\t\n\t\t\t\t\t<\/a>\n\t\t\t\t\t\n\t\t\t\t\t<div class=\"content\">\n\n\t\t\t\t\t\t\n\t\t\t\t\t\t<time datetime=\"2024-04-25T09:21:03+00:00\">25. travnja 2024. <\/time>\n\n\t\t\t\t\t\n\t\t\t\t\t\t<a href=\"https:\/\/rogoznica.hr\/nova\/odluka-opcinske-nacelnice-o-financiranju-projekata-i-programa-javnih-potreba-u-sportu-3\/\" title=\"Odluka op\u0107inske na\u010delnice o financiranju projekata i programa javnih potreba u sportu\">\n\t\t\t\t\t\t\tOdluka op\u0107inske na\u010delnice o financiranju projekata i programa javnih potreba u sportu<\/a>\n\t\t\t\t\t\t\t\n\t\t\t\t\t\t\t\t\t\t\t\t\t\t\t\t\t\t\t\t\t\t\t\n\t\t\t\t\t<\/div>\n\t\t\t\t\n\t\t\t\t\t\t\n\t\t\t\t<\/li>\n\t\t\t\n\t\t\t\t\t\n\t\t\t <\/ul> \t\t\t\n\t\t\n\t<\/section>\n\t\n\t<\/div><\/div>\n<div class=\"row cf\"><div class=\"column full\">\n\n\t<section class=\"highlights\">\n\t\t\t\t\n\t\t\t\t\t\n\t\t\t<div class=\"section-head cat-text-\">\n\t\t\t\t<a href=\"\"><\/a>\n\t\t\t<\/div>\n\t\t\t\t\t\t\t\n\t\t\t\t\n\t\t\n\t\t\t\t\n\t\t\t\t\n\t\t\t\t\t\t\n\t\t\t<article itemscope itemtype=\"http:\/\/schema.org\/Article\">\n\t\t\t\t\t\n\t\t\t\t<a href=\"https:\/\/rogoznica.hr\/nova\/natjecaj-za-dodjelu-stalnog-veza-u-luci-rogoznica\/\" title=\"NATJE\u010cAJ ZA DODJELU STALNOG VEZA U LUCI ROGOZNICA\" class=\"image-link\" itemprop=\"url\">\n\t\t\t\t\t<img width=\"351\" height=\"185\" src=\"https:\/\/rogoznica.hr\/nova\/wp-content\/uploads\/2015\/03\/programi_rog-351x185.jpg\" class=\"image wp-post-image\" alt=\"\" loading=\"lazy\" title=\"NATJE\u010cAJ ZA DODJELU STALNOG VEZA U LUCI ROGOZNICA\" \/>\t\t\t\t\t\n\t\t\t\t\t\t\t\t\t\t\n\t\t\t\t\t\t\t\t\t<\/a>\n\t\t\t\t\n\t\t\t\t<div class=\"meta\">\n\t\t\t\t\t<time datetime=\"2024-04-26T11:03:22+00:00\" itemprop=\"datePublished\">26. travnja 2024. <\/time>\n\t\t\t\t\t\n\t\t\t\t\t\t\t\t\t\t\n\t\t\t\t\t<span class=\"comments\"><a href=\"https:\/\/rogoznica.hr\/nova\/natjecaj-za-dodjelu-stalnog-veza-u-luci-rogoznica\/#respond\"><i class=\"fa fa-comments-o\"><\/i>\n\t\t\t\t\t\t0<\/a><\/span>\n\t\t\t\t\t\n\t\t\t\t<\/div>\n\t\t\t\t\n\t\t\t\t<h2 itemprop=\"name\"><a href=\"https:\/\/rogoznica.hr\/nova\/natjecaj-za-dodjelu-stalnog-veza-u-luci-rogoznica\/\" title=\"NATJE\u010cAJ ZA DODJELU STALNOG VEZA U LUCI ROGOZNICA\">NATJE\u010cAJ ZA DODJELU STALNOG VEZA U LUCI ROGOZNICA<\/a><\/h2>\n\t\t\t\t\n\t\t\t\t\t\t\t\t\n\t\t\t<\/article>\n\t\t\t\n\t\t\t\t\t\t\t\t\n\t\t\t<ul class=\"block posts\">\n\t\t\t\n\t\t\t\t\n\t\t\t\t\n\t\t\t\t\n\t\t\t\t\t\n\t\t\t\n\t\t\t\t<li>\n\t\t\t\n\t\t\t\t\t\t\n\t\t\t\t\t<i class=\"fa fa-angle-right\"><\/i>\n\t\t\t\t\t<a href=\"https:\/\/rogoznica.hr\/nova\/jednostavna-nabava-prijevoz-tucanika-i-strojno-razastiranje-istog-na-nekoncesioniranim-plazama-2\/\" title=\"JEDNOSTAVNA NABAVA\/PRIJEVOZ TUCANIKA I STROJNO RAZASTIRANJE ISTOG NA NEKONCESIONIRANIM PLA\u017dAMA\" class=\"title\">\n\t\t\t\t\t\tJEDNOSTAVNA NABAVA\/PRIJEVOZ TUCANIKA I STROJNO RAZASTIRANJE ISTOG NA NEKONCESIONIRANIM PLA\u017dAMA\t\t\t\t\t<\/a>\n\t\t\t\t\t\n\t\t\t\t\t\t\n\t\t\t\t<\/li>\n\t\t\t\n\t\t\t\t\n\t\t\t\t\t\n\t\t\t\n\t\t\t\t<li>\n\t\t\t\n\t\t\t\t\t\t\n\t\t\t\t\t<i class=\"fa fa-angle-right\"><\/i>\n\t\t\t\t\t<a href=\"https:\/\/rogoznica.hr\/nova\/odluka-opcinske-nacelnice-o-financiranju-projekata-i-programa-javnih-potreba-u-kulturi-i-udruga-civilnog-drustva-3\/\" title=\"Odluka op\u0107inske na\u010delnice o financiranju projekata i programa javnih potreba u kulturi i udruga civilnog dru\u0161tva\" class=\"title\">\n\t\t\t\t\t\tOdluka op\u0107inske na\u010delnice o financiranju projekata i programa javnih potreba u kulturi i udruga civilnog dru\u0161tva\t\t\t\t\t<\/a>\n\t\t\t\t\t\n\t\t\t\t\t\t\n\t\t\t\t<\/li>\n\t\t\t\n\t\t\t\t\n\t\t\t\t\t\n\t\t\t\n\t\t\t\t<li>\n\t\t\t\n\t\t\t\t\t\t\n\t\t\t\t\t<i class=\"fa fa-angle-right\"><\/i>\n\t\t\t\t\t<a href=\"https:\/\/rogoznica.hr\/nova\/odluka-opcinske-nacelnice-o-financiranju-projekata-i-programa-javnih-potreba-u-sportu-3\/\" title=\"Odluka op\u0107inske na\u010delnice o financiranju projekata i programa javnih potreba u sportu\" class=\"title\">\n\t\t\t\t\t\tOdluka op\u0107inske na\u010delnice o financiranju projekata i programa javnih potreba u sportu\t\t\t\t\t<\/a>\n\t\t\t\t\t\n\t\t\t\t\t\t\n\t\t\t\t<\/li>\n\t\t\t\n\t\t\t\t\t\n\t\t\t <\/ul> \t\t\t\n\t\t\n\t<\/section>\n\t\n\t<\/div><\/div>\n<div class=\"row cf\"><div class=\"column half\">\n\n\t<section class=\"highlights\">\n\t\t\t\t\n\t\t\t\t\n\t\t\n\t\t\t\t\n\t\t\t\t\n\t\t\t\t\t\t\t<span class=\"cat-title larger cat-\">\n\t\t\t\t\t<a href=\"\"><\/a><\/span>\n\t\t\t\t\t\t\n\t\t\t<article itemscope itemtype=\"http:\/\/schema.org\/Article\">\n\t\t\t\t\t\n\t\t\t\t<a href=\"https:\/\/rogoznica.hr\/nova\/natjecaj-za-dodjelu-stalnog-veza-u-luci-rogoznica\/\" title=\"NATJE\u010cAJ ZA DODJELU STALNOG VEZA U LUCI ROGOZNICA\" class=\"image-link\" itemprop=\"url\">\n\t\t\t\t\t<img width=\"351\" height=\"185\" src=\"https:\/\/rogoznica.hr\/nova\/wp-content\/uploads\/2015\/03\/programi_rog-351x185.jpg\" class=\"image wp-post-image\" alt=\"\" loading=\"lazy\" title=\"NATJE\u010cAJ ZA DODJELU STALNOG VEZA U LUCI ROGOZNICA\" \/>\t\t\t\t\t\n\t\t\t\t\t\t\t\t\t\t\n\t\t\t\t\t\t\t\t\t<\/a>\n\t\t\t\t\n\t\t\t\t<div class=\"meta\">\n\t\t\t\t\t<time datetime=\"2024-04-26T11:03:22+00:00\" itemprop=\"datePublished\">26. travnja 2024. <\/time>\n\t\t\t\t\t\n\t\t\t\t\t\t\t\t\t\t\n\t\t\t\t\t<span class=\"comments\"><a href=\"https:\/\/rogoznica.hr\/nova\/natjecaj-za-dodjelu-stalnog-veza-u-luci-rogoznica\/#respond\"><i class=\"fa fa-comments-o\"><\/i>\n\t\t\t\t\t\t0<\/a><\/span>\n\t\t\t\t\t\n\t\t\t\t<\/div>\n\t\t\t\t\n\t\t\t\t<h2 itemprop=\"name\"><a href=\"https:\/\/rogoznica.hr\/nova\/natjecaj-za-dodjelu-stalnog-veza-u-luci-rogoznica\/\" title=\"NATJE\u010cAJ ZA DODJELU STALNOG VEZA U LUCI ROGOZNICA\">NATJE\u010cAJ ZA DODJELU STALNOG VEZA U LUCI ROGOZNICA<\/a><\/h2>\n\t\t\t\t\n\t\t\t\t\t\t\t\t\n\t\t\t\t<div class=\"excerpt\">\n\t\t\t\t\t<p>Natjecaj-za-dodjelu-stalnog-veza-u-luci-Rogoznica.PDF Obrazac-za-prijavu-Rogoznica-2024.PDF<\/p>\n\t\t\t\t<\/div>\n\t\t\t\t\t\t\t\t\n\t\t\t\t\t\t\t\t\n\t\t\t<\/article>\n\t\t\t\n\t\t\t\t\t\t\t\t\n\t\t\t<ul class=\"block posts-list thumb\">\n\t\t\t\n\t\t\t\t\n\t\t\t\t\n\t\t\t\t\n\t\t\t\t\t\n\t\t\t\n\t\t\t\t<li>\n\t\t\t\n\t\t\t\t\t\t\t\n\t\t\t\t\t<a href=\"https:\/\/rogoznica.hr\/nova\/jednostavna-nabava-prijevoz-tucanika-i-strojno-razastiranje-istog-na-nekoncesioniranim-plazama-2\/\"><img width=\"110\" height=\"96\" src=\"https:\/\/rogoznica.hr\/nova\/wp-content\/uploads\/2015\/03\/programi_rog-110x96.jpg\" class=\"attachment-post-thumbnail size-post-thumbnail wp-post-image\" alt=\"\" loading=\"lazy\" title=\"JEDNOSTAVNA NABAVA\/PRIJEVOZ TUCANIKA I STROJNO RAZASTIRANJE ISTOG NA NEKONCESIONIRANIM PLA\u017dAMA\" \/>\n\t\t\t\t\t\t\t\t\t\t\n\t\t\t\t\t<\/a>\n\t\t\t\t\t\n\t\t\t\t\t<div class=\"content\">\n\n\t\t\t\t\t\t\n\t\t\t\t\t\t<time datetime=\"2024-04-26T09:48:07+00:00\">26. travnja 2024. <\/time>\n\n\t\t\t\t\t\n\t\t\t\t\t\t<a href=\"https:\/\/rogoznica.hr\/nova\/jednostavna-nabava-prijevoz-tucanika-i-strojno-razastiranje-istog-na-nekoncesioniranim-plazama-2\/\" title=\"JEDNOSTAVNA NABAVA\/PRIJEVOZ TUCANIKA I STROJNO RAZASTIRANJE ISTOG NA NEKONCESIONIRANIM PLA\u017dAMA\">\n\t\t\t\t\t\t\tJEDNOSTAVNA NABAVA\/PRIJEVOZ TUCANIKA I STROJNO RAZASTIRANJE ISTOG NA NEKONCESIONIRANIM PLA\u017dAMA<\/a>\n\t\t\t\t\t\t\t\n\t\t\t\t\t\t\t\t\t\t\t\t\t\t\t\t\t\t\t\t\t\t\t\n\t\t\t\t\t<\/div>\n\t\t\t\t\n\t\t\t\t\t\t\n\t\t\t\t<\/li>\n\t\t\t\n\t\t\t\t\n\t\t\t\t\t\n\t\t\t\n\t\t\t\t<li>\n\t\t\t\n\t\t\t\t\t\t\t\n\t\t\t\t\t<a href=\"https:\/\/rogoznica.hr\/nova\/odluka-opcinske-nacelnice-o-financiranju-projekata-i-programa-javnih-potreba-u-kulturi-i-udruga-civilnog-drustva-3\/\"><img width=\"110\" height=\"96\" src=\"https:\/\/rogoznica.hr\/nova\/wp-content\/uploads\/2015\/03\/programi_rog-110x96.jpg\" class=\"attachment-post-thumbnail size-post-thumbnail wp-post-image\" alt=\"\" loading=\"lazy\" title=\"Odluka op\u0107inske na\u010delnice o financiranju projekata i programa javnih potreba u kulturi i udruga civilnog dru\u0161tva\" \/>\n\t\t\t\t\t\t\t\t\t\t\n\t\t\t\t\t<\/a>\n\t\t\t\t\t\n\t\t\t\t\t<div class=\"content\">\n\n\t\t\t\t\t\t\n\t\t\t\t\t\t<time datetime=\"2024-04-25T09:22:09+00:00\">25. travnja 2024. <\/time>\n\n\t\t\t\t\t\n\t\t\t\t\t\t<a href=\"https:\/\/rogoznica.hr\/nova\/odluka-opcinske-nacelnice-o-financiranju-projekata-i-programa-javnih-potreba-u-kulturi-i-udruga-civilnog-drustva-3\/\" title=\"Odluka op\u0107inske na\u010delnice o financiranju projekata i programa javnih potreba u kulturi i udruga civilnog dru\u0161tva\">\n\t\t\t\t\t\t\tOdluka op\u0107inske na\u010delnice o financiranju projekata i programa javnih potreba u kulturi i udruga civilnog dru\u0161tva<\/a>\n\t\t\t\t\t\t\t\n\t\t\t\t\t\t\t\t\t\t\t\t\t\t\t\t\t\t\t\t\t\t\t\n\t\t\t\t\t<\/div>\n\t\t\t\t\n\t\t\t\t\t\t\n\t\t\t\t<\/li>\n\t\t\t\n\t\t\t\t\t\n\t\t\t <\/ul> \t\t\t\n\t\t\n\t<\/section>\n\t\n\t<\/div><div class=\"column half\">\n\n\t<section class=\"highlights\">\n\t\t\t\t\n\t\t\t\t\n\t\t\n\t\t\t\t\n\t\t\t\t\n\t\t\t\t\t\t\t<span class=\"cat-title larger cat-\">\n\t\t\t\t\t<a href=\"\"><\/a><\/span>\n\t\t\t\t\t\t\n\t\t\t<article itemscope itemtype=\"http:\/\/schema.org\/Article\">\n\t\t\t\t\t\n\t\t\t\t<a href=\"https:\/\/rogoznica.hr\/nova\/natjecaj-za-dodjelu-stalnog-veza-u-luci-rogoznica\/\" title=\"NATJE\u010cAJ ZA DODJELU STALNOG VEZA U LUCI ROGOZNICA\" class=\"image-link\" itemprop=\"url\">\n\t\t\t\t\t<img width=\"351\" height=\"185\" src=\"https:\/\/rogoznica.hr\/nova\/wp-content\/uploads\/2015\/03\/programi_rog-351x185.jpg\" class=\"image wp-post-image\" alt=\"\" loading=\"lazy\" title=\"NATJE\u010cAJ ZA DODJELU STALNOG VEZA U LUCI ROGOZNICA\" \/>\t\t\t\t\t\n\t\t\t\t\t\t\t\t\t\t\n\t\t\t\t\t\t\t\t\t<\/a>\n\t\t\t\t\n\t\t\t\t<div class=\"meta\">\n\t\t\t\t\t<time datetime=\"2024-04-26T11:03:22+00:00\" itemprop=\"datePublished\">26. travnja 2024. <\/time>\n\t\t\t\t\t\n\t\t\t\t\t\t\t\t\t\t\n\t\t\t\t\t<span class=\"comments\"><a href=\"https:\/\/rogoznica.hr\/nova\/natjecaj-za-dodjelu-stalnog-veza-u-luci-rogoznica\/#respond\"><i class=\"fa fa-comments-o\"><\/i>\n\t\t\t\t\t\t0<\/a><\/span>\n\t\t\t\t\t\n\t\t\t\t<\/div>\n\t\t\t\t\n\t\t\t\t<h2 itemprop=\"name\"><a href=\"https:\/\/rogoznica.hr\/nova\/natjecaj-za-dodjelu-stalnog-veza-u-luci-rogoznica\/\" title=\"NATJE\u010cAJ ZA DODJELU STALNOG VEZA U LUCI ROGOZNICA\">NATJE\u010cAJ ZA DODJELU STALNOG VEZA U LUCI ROGOZNICA<\/a><\/h2>\n\t\t\t\t\n\t\t\t\t\t\t\t\t\n\t\t\t\t<div class=\"excerpt\">\n\t\t\t\t\t<p>Natjecaj-za-dodjelu-stalnog-veza-u-luci-Rogoznica.PDF Obrazac-za-prijavu-Rogoznica-2024.PDF<\/p>\n\t\t\t\t<\/div>\n\t\t\t\t\t\t\t\t\n\t\t\t\t\t\t\t\t\n\t\t\t<\/article>\n\t\t\t\n\t\t\t\t\t\t\t\t\n\t\t\t<ul class=\"block posts-list thumb\">\n\t\t\t\n\t\t\t\t\n\t\t\t\t\n\t\t\t\t\n\t\t\t\t\t\n\t\t\t\n\t\t\t\t<li>\n\t\t\t\n\t\t\t\t\t\t\t\n\t\t\t\t\t<a href=\"https:\/\/rogoznica.hr\/nova\/jednostavna-nabava-prijevoz-tucanika-i-strojno-razastiranje-istog-na-nekoncesioniranim-plazama-2\/\"><img width=\"110\" height=\"96\" src=\"https:\/\/rogoznica.hr\/nova\/wp-content\/uploads\/2015\/03\/programi_rog-110x96.jpg\" class=\"attachment-post-thumbnail size-post-thumbnail wp-post-image\" alt=\"\" loading=\"lazy\" title=\"JEDNOSTAVNA NABAVA\/PRIJEVOZ TUCANIKA I STROJNO RAZASTIRANJE ISTOG NA NEKONCESIONIRANIM PLA\u017dAMA\" \/>\n\t\t\t\t\t\t\t\t\t\t\n\t\t\t\t\t<\/a>\n\t\t\t\t\t\n\t\t\t\t\t<div class=\"content\">\n\n\t\t\t\t\t\t\n\t\t\t\t\t\t<time datetime=\"2024-04-26T09:48:07+00:00\">26. travnja 2024. <\/time>\n\n\t\t\t\t\t\n\t\t\t\t\t\t<a href=\"https:\/\/rogoznica.hr\/nova\/jednostavna-nabava-prijevoz-tucanika-i-strojno-razastiranje-istog-na-nekoncesioniranim-plazama-2\/\" title=\"JEDNOSTAVNA NABAVA\/PRIJEVOZ TUCANIKA I STROJNO RAZASTIRANJE ISTOG NA NEKONCESIONIRANIM PLA\u017dAMA\">\n\t\t\t\t\t\t\tJEDNOSTAVNA NABAVA\/PRIJEVOZ TUCANIKA I STROJNO RAZASTIRANJE ISTOG NA NEKONCESIONIRANIM PLA\u017dAMA<\/a>\n\t\t\t\t\t\t\t\n\t\t\t\t\t\t\t\t\t\t\t\t\t\t\t\t\t\t\t\t\t\t\t\n\t\t\t\t\t<\/div>\n\t\t\t\t\n\t\t\t\t\t\t\n\t\t\t\t<\/li>\n\t\t\t\n\t\t\t\t\n\t\t\t\t\t\n\t\t\t\n\t\t\t\t<li>\n\t\t\t\n\t\t\t\t\t\t\t\n\t\t\t\t\t<a href=\"https:\/\/rogoznica.hr\/nova\/odluka-opcinske-nacelnice-o-financiranju-projekata-i-programa-javnih-potreba-u-kulturi-i-udruga-civilnog-drustva-3\/\"><img width=\"110\" height=\"96\" src=\"https:\/\/rogoznica.hr\/nova\/wp-content\/uploads\/2015\/03\/programi_rog-110x96.jpg\" class=\"attachment-post-thumbnail size-post-thumbnail wp-post-image\" alt=\"\" loading=\"lazy\" title=\"Odluka op\u0107inske na\u010delnice o financiranju projekata i programa javnih potreba u kulturi i udruga civilnog dru\u0161tva\" \/>\n\t\t\t\t\t\t\t\t\t\t\n\t\t\t\t\t<\/a>\n\t\t\t\t\t\n\t\t\t\t\t<div class=\"content\">\n\n\t\t\t\t\t\t\n\t\t\t\t\t\t<time datetime=\"2024-04-25T09:22:09+00:00\">25. travnja 2024. <\/time>\n\n\t\t\t\t\t\n\t\t\t\t\t\t<a href=\"https:\/\/rogoznica.hr\/nova\/odluka-opcinske-nacelnice-o-financiranju-projekata-i-programa-javnih-potreba-u-kulturi-i-udruga-civilnog-drustva-3\/\" title=\"Odluka op\u0107inske na\u010delnice o financiranju projekata i programa javnih potreba u kulturi i udruga civilnog dru\u0161tva\">\n\t\t\t\t\t\t\tOdluka op\u0107inske na\u010delnice o financiranju projekata i programa javnih potreba u kulturi i udruga civilnog dru\u0161tva<\/a>\n\t\t\t\t\t\t\t\n\t\t\t\t\t\t\t\t\t\t\t\t\t\t\t\t\t\t\t\t\t\t\t\n\t\t\t\t\t<\/div>\n\t\t\t\t\n\t\t\t\t\t\t\n\t\t\t\t<\/li>\n\t\t\t\n\t\t\t\t\t\n\t\t\t <\/ul> \t\t\t\n\t\t\n\t<\/section>\n\t\n\t<\/div><\/div>\n\n<section class=\"gallery-block\">\n\n\t<h3 class=\"gallery-title prominent\">Recent Galleries<\/h3>\n\n\n\n<\/section>","protected":false},"excerpt":{"rendered":"","protected":false},"author":1,"featured_media":0,"parent":0,"menu_order":0,"comment_status":"closed","ping_status":"closed","template":"page-blocks.php","meta":[],"_links":{"self":[{"href":"https:\/\/rogoznica.hr\/nova\/wp-json\/wp\/v2\/pages\/425"}],"collection":[{"href":"https:\/\/rogoznica.hr\/nova\/wp-json\/wp\/v2\/pages"}],"about":[{"href":"https:\/\/rogoznica.hr\/nova\/wp-json\/wp\/v2\/types\/page"}],"author":[{"embeddable":true,"href":"https:\/\/rogoznica.hr\/nova\/wp-json\/wp\/v2\/users\/1"}],"replies":[{"embeddable":true,"href":"https:\/\/rogoznica.hr\/nova\/wp-json\/wp\/v2\/comments?post=425"}],"version-history":[{"count":3,"href":"https:\/\/rogoznica.hr\/nova\/wp-json\/wp\/v2\/pages\/425\/revisions"}],"predecessor-version":[{"id":3666,"href":"https:\/\/rogoznica.hr\/nova\/wp-json\/wp\/v2\/pages\/425\/revisions\/3666"}],"wp:attachment":[{"href":"https:\/\/rogoznica.hr\/nova\/wp-json\/wp\/v2\/media?parent=425"}],"curies":[{"name":"wp","href":"https:\/\/api.w.org\/{rel}","templated":true}]}}