{"id":4427,"date":"2021-01-12T13:56:02","date_gmt":"2021-01-12T13:56:02","guid":{"rendered":"http:\/\/rogoznica.hr\/nova\/?page_id=4427"},"modified":"2022-12-15T20:50:01","modified_gmt":"2022-12-15T20:50:01","slug":"zastita-osobnih-podataka","status":"publish","type":"page","link":"https:\/\/rogoznica.hr\/nova\/zastita-osobnih-podataka\/","title":{"rendered":"ZA\u0160TITA OSOBNIH PODATAKA"},"content":{"rendered":"<p>Op\u0107a uredba o za\u0161titi osobnih podataka ili GDPR (<a href=\"https:\/\/ec.europa.eu\/info\/law\/law-topic\/data-protection\/reform\/what-does-general-data-protection-regulation-gdpr-govern_en\">General Data Protection Regulation<\/a>) uredba je 2016\/679 Europskog parlamenta i Vije\u0107a od 27. travnja 2016. godine, a odnosi se na za\u0161titu pojedinaca u vezi s obradom njihovih osobnih podataka i slobodnom kretanju takvih podataka. Navedena Uredba stupila je na snagu 25. svibnja 2018. godine i izravno se primjenjuje u svim dr\u017eavama \u010dlanicama EU. Osobni podaci prikupljaju se u svrhu izvr\u0161enja zakonskih obveza Op\u0107ine Rogoznica, te radi ispunjenja obveza od javnog interesa i izvr\u0161avanja javnih ovlasti.<\/p>\n<p>Osobne podatke obra\u0111ujemo zakonito, po\u0161teno i transparentno te obra\u0111ujemo samo primjerene i relevantne osobne podatke i to isklju\u010divo u posebne, izri\u010dite i zakonite svrhe. Sukladno \u00a0GDPR-u \u00a0Op\u0107ina Rogoznica pri obradi osobnih podataka \u0161titi sigurnost tih podataka od neovla\u0161tene ili nezakonite obrade, primjenjuju\u0107i tehni\u010dke i organizacijske mjere za\u0161tite.<\/p>\n<p>PRAVA ISPITANIKA: Pravo povu\u0107i danu privolu, pristup svojim osobnim podacima, pravo na ispravak, brisanje, ili ograni\u010davanje obrade osobnih podataka, pravo na prenosivost podataka, pravo na pritu\u017ebu Agenciji za za\u0161titu osobnih podataka<\/p>\n<p>Pravo ostvarujete podno\u0161enjem zahtjeva na dolje navedenu e-mail adresu:<\/p>\n<p>e-mail: <a href=\"mailto:dragana@rogoznica.hr\">dragana@rogoznica.hr<\/a><\/p>\n<p>&nbsp;<\/p>\n<p><strong>Dokumenti i obrasci:<\/strong><\/p>\n<p><a href=\"https:\/\/rogoznica.hr\/nova\/wp-content\/uploads\/2021\/01\/Obrazac-privole.docx\" rel=\"noopener\">Obrazac privole.docx<\/a><\/p>\n<p><a href=\"https:\/\/rogoznica.hr\/nova\/wp-content\/uploads\/2021\/01\/Zahtjev-za-pristup-promjenu-dopunu-prigovor-ograni\u010denje-prikupljanja-osobnih-podatka.docx\" target=\"_blank\" rel=\"noopener\">Zahtjev za pristup, promjenu, dopunu, prigovor, ograni\u010denje prikupljanja osobnih podatka.docx<\/a><\/p>\n<p><a href=\"https:\/\/rogoznica.hr\/nova\/wp-content\/uploads\/2021\/01\/Zahtjev-za-povla\u010denje-privole.docx\" target=\"_blank\" rel=\"noopener\">Zahtjev za povla\u010denje privole.docx<\/a><\/p>\n<p><a href=\"https:\/\/rogoznica.hr\/nova\/wp-content\/uploads\/2021\/01\/Zahtjev-za-brisanje-osobnih-podataka.docx\" target=\"_blank\" rel=\"noopener\">Zahtjev za brisanje osobnih podataka.docx<\/a><\/p>\n<p>&nbsp;<\/p>\n<p><strong>Slu\u017ebenici za za\u0161titu osobnih podataka<\/strong><\/p>\n<p>Uredba (EU) 2016\/679 Europskog parlamenta i Vije\u0107a od 27. travnja 2016. o za\u0161titi pojedinaca u vezi s obradom osobnih podataka i o slobodnom kretanju takvih podataka \u2013\u00a0<a href=\"http:\/\/azop.hr\/info-servis\/detaljnije\/opca-uredba-o-zastiti-podataka-gdpr\">Op\u0107a uredba o za\u0161titi podataka \u2013 GDPR (General Data Protection Regulation)<\/a>\u00a0izravno se primjenjuje\u00a0u Republici Hrvatskoj od 25. svibnja 2018. godine.<\/p>\n<p>Uredba odre\u0111uje koja su prava pojedinaca, a u skladu s tim i koje su obveze subjekata koji obra\u0111uju osobne podatke poput voditelja obrade odnosno izvr\u0161itelja obrade. Neke od obveza subjekata su obrada osobnih podataka ako je gra\u0111anin dao privolu ili radi izvr\u0161avanja zada\u0107i temeljem drugih zakonskih propisa, obrada podataka prema na\u010delima obrade navedenih u Uredbi, zatim informacije koje subjekt daje gra\u0111aninu prije same obrade njegovih osobnih podataka te uspostava evidencija o vo\u0111enju obrade osobnih podataka.<\/p>\n<p>Op\u0107om uredbom o za\u0161titi osobnih podataka definiraju se i obveze slu\u017ebenika za za\u0161titu osobnih podataka, koje imenuje voditelj obrade, koji o imenovanju slu\u017ebenika pisano obavje\u0161tava Agenciju za za\u0161titu osobnih podataka.<\/p>\n<p>&nbsp;<\/p>\n<p><a href=\"https:\/\/rogoznica.hr\/nova\/wp-content\/uploads\/2022\/12\/Odluka-o-imenovanju-sluzbenika-za-zastitu-osobnih-podataka.doc\">Odluka o imenovanju slu\u017ebenika za za\u0161titu osobnih podataka.doc<\/a><\/p>\n<p>&nbsp;<\/p>\n","protected":false},"excerpt":{"rendered":"<p>Op\u0107a uredba o za\u0161titi osobnih podataka ili GDPR (General Data Protection Regulation) uredba je 2016\/679 Europskog parlamenta i Vije\u0107a od 27. travnja 2016. godine, a odnosi se na za\u0161titu pojedinaca u vezi s obradom njihovih osobnih podataka i slobodnom kretanju takvih podataka. Navedena Uredba stupila je na snagu 25. svibnja 2018. godine i izravno se<\/p>\n","protected":false},"author":1,"featured_media":0,"parent":0,"menu_order":0,"comment_status":"closed","ping_status":"closed","template":"","meta":[],"_links":{"self":[{"href":"https:\/\/rogoznica.hr\/nova\/wp-json\/wp\/v2\/pages\/4427"}],"collection":[{"href":"https:\/\/rogoznica.hr\/nova\/wp-json\/wp\/v2\/pages"}],"about":[{"href":"https:\/\/rogoznica.hr\/nova\/wp-json\/wp\/v2\/types\/page"}],"author":[{"embeddable":true,"href":"https:\/\/rogoznica.hr\/nova\/wp-json\/wp\/v2\/users\/1"}],"replies":[{"embeddable":true,"href":"https:\/\/rogoznica.hr\/nova\/wp-json\/wp\/v2\/comments?post=4427"}],"version-history":[{"count":7,"href":"https:\/\/rogoznica.hr\/nova\/wp-json\/wp\/v2\/pages\/4427\/revisions"}],"predecessor-version":[{"id":5472,"href":"https:\/\/rogoznica.hr\/nova\/wp-json\/wp\/v2\/pages\/4427\/revisions\/5472"}],"wp:attachment":[{"href":"https:\/\/rogoznica.hr\/nova\/wp-json\/wp\/v2\/media?parent=4427"}],"curies":[{"name":"wp","href":"https:\/\/api.w.org\/{rel}","templated":true}]}}