{"id":4484,"date":"2021-02-02T12:21:45","date_gmt":"2021-02-02T12:21:45","guid":{"rendered":"https:\/\/rogoznica.hr\/nova\/?page_id=4484"},"modified":"2021-12-24T08:38:55","modified_gmt":"2021-12-24T08:38:55","slug":"sluzbeni-vjesnik-opcine-rogoznica-2021","status":"publish","type":"page","link":"https:\/\/rogoznica.hr\/nova\/sluzbeni-vjesnik-opcine-rogoznica-2021\/","title":{"rendered":"SLU\u017dBENI VJESNIK OP\u0106INE ROGOZNICA 2021."},"content":{"rendered":"<p><a href=\"https:\/\/rogoznica.hr\/nova\/wp-content\/uploads\/2021\/12\/sluzbeni-vijesnik_07_2021-Opcina-Rogoznica.pdf\">slu\u017ebeni vijesnik br.7.<\/a><\/p>\n<p><a href=\"https:\/\/rogoznica.hr\/nova\/wp-content\/uploads\/2021\/10\/sluzbeni-vijesnik_06_2021-Opcina-Rogoznica.pdf\">slu\u017ebeni vjesnik br. 6<\/a><\/p>\n<p><a href=\"https:\/\/rogoznica.hr\/nova\/wp-content\/uploads\/2021\/08\/sluzbeni-vijesnik_05_2021-Opcina-Rogoznica.pdf\">slu\u017ebeni vjesnik br. 5<\/a><\/p>\n<p><a href=\"https:\/\/rogoznica.hr\/nova\/wp-content\/uploads\/2021\/06\/sluzbeni-vijesnik_04_2021-Opcina-Rogoznica.pdf\">slu\u017ebeni vjesnik br. 4<\/a><\/p>\n<p><a href=\"https:\/\/rogoznica.hr\/nova\/wp-content\/uploads\/2021\/04\/sluzbeni-vjesnik_03_2021-Opcina-Rogoznica-002.pdf\">slu\u017ebeni vjesnik br. 3<\/a><\/p>\n<p><a href=\"https:\/\/rogoznica.hr\/nova\/wp-content\/uploads\/2021\/04\/sluzbeni-vijesnik_02_2021-Opcina-Rogoznica.pdf\">slu\u017ebeni vjesnik br. 2<\/a><\/p>\n<p><a href=\"https:\/\/rogoznica.hr\/nova\/wp-content\/uploads\/2021\/02\/sluzbeni-vijesnik_01_2021-Opcina-Rogoznica.pdf\">slu\u017ebeni vjesnik br. 1<\/a><\/p>\n","protected":false},"excerpt":{"rendered":"<p>slu\u017ebeni vijesnik br.7. slu\u017ebeni vjesnik br. 6 slu\u017ebeni vjesnik br. 5 slu\u017ebeni vjesnik br. 4 slu\u017ebeni vjesnik br. 3 slu\u017ebeni vjesnik br. 2 slu\u017ebeni vjesnik br. 1<\/p>\n","protected":false},"author":1,"featured_media":0,"parent":0,"menu_order":0,"comment_status":"closed","ping_status":"closed","template":"","meta":[],"_links":{"self":[{"href":"https:\/\/rogoznica.hr\/nova\/wp-json\/wp\/v2\/pages\/4484"}],"collection":[{"href":"https:\/\/rogoznica.hr\/nova\/wp-json\/wp\/v2\/pages"}],"about":[{"href":"https:\/\/rogoznica.hr\/nova\/wp-json\/wp\/v2\/types\/page"}],"author":[{"embeddable":true,"href":"https:\/\/rogoznica.hr\/nova\/wp-json\/wp\/v2\/users\/1"}],"replies":[{"embeddable":true,"href":"https:\/\/rogoznica.hr\/nova\/wp-json\/wp\/v2\/comments?post=4484"}],"version-history":[{"count":8,"href":"https:\/\/rogoznica.hr\/nova\/wp-json\/wp\/v2\/pages\/4484\/revisions"}],"predecessor-version":[{"id":4915,"href":"https:\/\/rogoznica.hr\/nova\/wp-json\/wp\/v2\/pages\/4484\/revisions\/4915"}],"wp:attachment":[{"href":"https:\/\/rogoznica.hr\/nova\/wp-json\/wp\/v2\/media?parent=4484"}],"curies":[{"name":"wp","href":"https:\/\/api.w.org\/{rel}","templated":true}]}}