{"id":4973,"date":"2022-01-29T12:09:09","date_gmt":"2022-01-29T12:09:09","guid":{"rendered":"https:\/\/rogoznica.hr\/nova\/?page_id=4973"},"modified":"2023-01-05T13:31:10","modified_gmt":"2023-01-05T13:31:10","slug":"sluzbeni-vjesnik-opcine-rogoznica-2022","status":"publish","type":"page","link":"https:\/\/rogoznica.hr\/nova\/sluzbeni-vjesnik-opcine-rogoznica-2022\/","title":{"rendered":"SLU\u017dBENI VJESNIK OP\u0106INE ROGOZNICA 2022."},"content":{"rendered":"<p><a href=\"https:\/\/rogoznica.hr\/nova\/wp-content\/uploads\/2023\/01\/sluzbeni-vijesnik_09_2022-Opcina-Rogoznica.pdf\">slu\u017ebeni vjesnik br. 9.PDF<\/a><\/p>\n<p><a href=\"https:\/\/rogoznica.hr\/nova\/wp-content\/uploads\/2022\/12\/sluzbeni-vijesnik_08_2022-Opcina-Rogoznica.pdf\">slu\u017ebeni vjesnik br. 8.PDF<\/a><\/p>\n<p><a href=\"https:\/\/rogoznica.hr\/nova\/wp-content\/uploads\/2022\/10\/sluzbeni-vijesnik_07_2022-Opcina-Rogoznica.pdf\">slu\u017ebeni vjesnik br. 7.PDF<\/a><\/p>\n<p><a href=\"https:\/\/rogoznica.hr\/nova\/wp-content\/uploads\/2022\/09\/sluzbeni-vijesnik_06_2022-Opcina-Rogoznica.pdf\">slu\u017ebeni vjesnik br. 6.PDF<\/a><\/p>\n<p><a href=\"https:\/\/rogoznica.hr\/nova\/wp-content\/uploads\/2022\/07\/sluzbeni-vijesnik_05_2022-Opcina-Rogoznica-2.pdf\">slu\u017ebeni vjesnik br. 5.PDF<\/a><\/p>\n<p><a href=\"https:\/\/rogoznica.hr\/nova\/wp-content\/uploads\/2022\/05\/sluzbeni-vijesnik_04_2022-4.pdf\">slu\u017ebeni vjesnik br. 4.PDF<\/a><\/p>\n<p><a href=\"https:\/\/rogoznica.hr\/nova\/wp-content\/uploads\/2022\/04\/sluzbeni-vijesnik_03_2022-Opcina-Rogoznica.pdf\">slu\u017ebeni vjesnik br. 3.PDF<\/a><\/p>\n<p><a href=\"https:\/\/www.rogoznica.hr\/slu\u017ebeni vijesnik_02_2022 - Op\u0107ina Rogoznica-4.pdf\">slu\u017ebeni vjesnik br. 2.PDF<\/a><\/p>\n<p><a href=\"https:\/\/rogoznica.hr\/nova\/wp-content\/uploads\/2022\/01\/sluzbeni-vijesnik_01_2022-Opcina-Rogoznica.pdf\">slu\u017ebeni vjesnik br. 1.PDF<\/a><\/p>\n<p>&nbsp;<\/p>\n","protected":false},"excerpt":{"rendered":"<p>slu\u017ebeni vjesnik br. 9.PDF slu\u017ebeni vjesnik br. 8.PDF slu\u017ebeni vjesnik br. 7.PDF slu\u017ebeni vjesnik br. 6.PDF slu\u017ebeni vjesnik br. 5.PDF slu\u017ebeni vjesnik br. 4.PDF slu\u017ebeni vjesnik br. 3.PDF slu\u017ebeni vjesnik br. 2.PDF slu\u017ebeni vjesnik br. 1.PDF &nbsp;<\/p>\n","protected":false},"author":1,"featured_media":0,"parent":0,"menu_order":0,"comment_status":"closed","ping_status":"closed","template":"","meta":[],"_links":{"self":[{"href":"https:\/\/rogoznica.hr\/nova\/wp-json\/wp\/v2\/pages\/4973"}],"collection":[{"href":"https:\/\/rogoznica.hr\/nova\/wp-json\/wp\/v2\/pages"}],"about":[{"href":"https:\/\/rogoznica.hr\/nova\/wp-json\/wp\/v2\/types\/page"}],"author":[{"embeddable":true,"href":"https:\/\/rogoznica.hr\/nova\/wp-json\/wp\/v2\/users\/1"}],"replies":[{"embeddable":true,"href":"https:\/\/rogoznica.hr\/nova\/wp-json\/wp\/v2\/comments?post=4973"}],"version-history":[{"count":15,"href":"https:\/\/rogoznica.hr\/nova\/wp-json\/wp\/v2\/pages\/4973\/revisions"}],"predecessor-version":[{"id":5508,"href":"https:\/\/rogoznica.hr\/nova\/wp-json\/wp\/v2\/pages\/4973\/revisions\/5508"}],"wp:attachment":[{"href":"https:\/\/rogoznica.hr\/nova\/wp-json\/wp\/v2\/media?parent=4973"}],"curies":[{"name":"wp","href":"https:\/\/api.w.org\/{rel}","templated":true}]}}