{"id":5503,"date":"2023-01-05T13:29:29","date_gmt":"2023-01-05T13:29:29","guid":{"rendered":"https:\/\/rogoznica.hr\/nova\/?page_id=5503"},"modified":"2024-03-13T13:55:36","modified_gmt":"2024-03-13T13:55:36","slug":"sluzbeni-vjesnik-opcine-rogoznica-2023","status":"publish","type":"page","link":"https:\/\/rogoznica.hr\/nova\/sluzbeni-vjesnik-opcine-rogoznica-2023\/","title":{"rendered":"SLU\u017dBENI VJESNIK OP\u0106INE ROGOZNICA 2023."},"content":{"rendered":"<p><a href=\"https:\/\/rogoznica.hr\/nova\/wp-content\/uploads\/2024\/03\/sluzbeni-vijesnik_12_2023-Opcina-Rogoznica-2.pdf\">slu\u017ebeni vijesnik_12_2023.PDF<\/a><\/p>\n<p><a href=\"https:\/\/rogoznica.hr\/nova\/wp-content\/uploads\/2023\/12\/sluzbeni-vijesnik_11_2023-Opcina-Rogoznica-2.pdf\">slu\u017ebeni vijesnik_11_2023.PDF<\/a><\/p>\n<p><a href=\"https:\/\/rogoznica.hr\/nova\/wp-content\/uploads\/2023\/10\/sluzbeni-vijesnik_10_2023-Opcina-Rogoznica.pdf\">slu\u017ebeni vijesnik_10_2023.PDF<\/a><\/p>\n<p><a href=\"https:\/\/rogoznica.hr\/nova\/wp-content\/uploads\/2023\/09\/sluzbeni-vijesnik_09_2023-Opcina-Rogoznica-2.pdf\">slu\u017ebeni vijesnik_09_2023.PDF<\/a><\/p>\n<p><a href=\"https:\/\/rogoznica.hr\/nova\/wp-content\/uploads\/2023\/07\/sluzbeni-vijesnik_08_2023-Opcina-Rogoznica.pdf\">slu\u017ebeni vijesnik_08_2023.PDF<\/a><\/p>\n<p><a href=\"https:\/\/rogoznica.hr\/nova\/wp-content\/uploads\/2023\/06\/sluzbeni-vijesnik_07_2023-Opcina-Rogoznica-5.pdf\">slu\u017ebeni vijesnik_07_2023.PDF<\/a><\/p>\n<p><a href=\"https:\/\/rogoznica.hr\/nova\/wp-content\/uploads\/2023\/05\/sluzbeni-vijesnik_06_2023-Opcina-Rogoznica.pdf\">slu\u017ebeni vijesnik_06_2023.PDF<\/a><\/p>\n<p><a href=\"https:\/\/rogoznica.hr\/nova\/wp-content\/uploads\/2023\/05\/sluzbeni-vijesnik_05_2023-Opcina-Rogoznica.pdf\">slu\u017ebeni vijesnik_05_2023.PDF<\/a><\/p>\n<p><a href=\"https:\/\/rogoznica.hr\/nova\/wp-content\/uploads\/2023\/04\/sluzbeni-vijesnik_04_2023-Opcina-Rogoznica-1.pdf\">slu\u017ebeni vijesnik_04_2023.PDF<\/a><\/p>\n<p><a href=\"https:\/\/rogoznica.hr\/nova\/wp-content\/uploads\/2023\/03\/sluzbeni-vijesnik_03_2023-Opcina-Rogoznica-3.pdf\">slu\u017ebeni vijesnik_03_2023.PDF<\/a><\/p>\n<p><a href=\"https:\/\/rogoznica.hr\/nova\/wp-content\/uploads\/2023\/03\/sluzbeni-vijesnik_02_2023-Opcina-Rogoznica.pdf\">slu\u017ebeni vijesnik_02_2023.PDF<\/a><\/p>\n<p><a href=\"https:\/\/rogoznica.hr\/nova\/wp-content\/uploads\/2023\/01\/sluzbeni-vijesnik_01_2023-Opcina-Rogoznica.pdf\">slu\u017ebeni vijesnik_01_2023.PDF<\/a><\/p>\n<p>&nbsp;<\/p>\n<p>&nbsp;<\/p>\n<p>&nbsp;<\/p>\n<p>&nbsp;<\/p>\n<p>&nbsp;<\/p>\n","protected":false},"excerpt":{"rendered":"<p>slu\u017ebeni vijesnik_12_2023.PDF slu\u017ebeni vijesnik_11_2023.PDF slu\u017ebeni vijesnik_10_2023.PDF slu\u017ebeni vijesnik_09_2023.PDF slu\u017ebeni vijesnik_08_2023.PDF slu\u017ebeni vijesnik_07_2023.PDF slu\u017ebeni vijesnik_06_2023.PDF slu\u017ebeni vijesnik_05_2023.PDF slu\u017ebeni vijesnik_04_2023.PDF slu\u017ebeni vijesnik_03_2023.PDF slu\u017ebeni vijesnik_02_2023.PDF slu\u017ebeni vijesnik_01_2023.PDF &nbsp; &nbsp; &nbsp; &nbsp; &nbsp;<\/p>\n","protected":false},"author":1,"featured_media":0,"parent":0,"menu_order":0,"comment_status":"closed","ping_status":"closed","template":"","meta":[],"_links":{"self":[{"href":"https:\/\/rogoznica.hr\/nova\/wp-json\/wp\/v2\/pages\/5503"}],"collection":[{"href":"https:\/\/rogoznica.hr\/nova\/wp-json\/wp\/v2\/pages"}],"about":[{"href":"https:\/\/rogoznica.hr\/nova\/wp-json\/wp\/v2\/types\/page"}],"author":[{"embeddable":true,"href":"https:\/\/rogoznica.hr\/nova\/wp-json\/wp\/v2\/users\/1"}],"replies":[{"embeddable":true,"href":"https:\/\/rogoznica.hr\/nova\/wp-json\/wp\/v2\/comments?post=5503"}],"version-history":[{"count":17,"href":"https:\/\/rogoznica.hr\/nova\/wp-json\/wp\/v2\/pages\/5503\/revisions"}],"predecessor-version":[{"id":6357,"href":"https:\/\/rogoznica.hr\/nova\/wp-json\/wp\/v2\/pages\/5503\/revisions\/6357"}],"wp:attachment":[{"href":"https:\/\/rogoznica.hr\/nova\/wp-json\/wp\/v2\/media?parent=5503"}],"curies":[{"name":"wp","href":"https:\/\/api.w.org\/{rel}","templated":true}]}}