{"id":6239,"date":"2024-02-13T10:25:40","date_gmt":"2024-02-13T10:25:40","guid":{"rendered":"https:\/\/rogoznica.hr\/nova\/?page_id=6239"},"modified":"2024-04-24T22:23:33","modified_gmt":"2024-04-24T22:23:33","slug":"sluzbeni-vjesnik-2024","status":"publish","type":"page","link":"https:\/\/rogoznica.hr\/nova\/sluzbeni-vjesnik-2024\/","title":{"rendered":"Slu\u017ebeni vjesnik 2024."},"content":{"rendered":"<p><a href=\"https:\/\/rogoznica.hr\/nova\/wp-content\/uploads\/2024\/04\/sluzbeni-vjesnik_07_2024-Opcina-Rogoznica.pdf\">slu\u017ebeni vjesnik_07_2024.PDF<\/a><\/p>\n<p><a href=\"https:\/\/rogoznica.hr\/nova\/wp-content\/uploads\/2024\/04\/sluzbeni-vjesnik_06_2024-Opcina-Rogoznica.pdf\">slu\u017ebeni vjesnik_06_2024.PDF<\/a><\/p>\n<p><a href=\"https:\/\/rogoznica.hr\/nova\/wp-content\/uploads\/2024\/03\/sluzbeni-vijesnik_05_2024-Opcina-Rogoznica-2.pdf\">slu\u017ebeni vijesnik_05_2024.PDF<\/a><\/p>\n<p><a href=\"https:\/\/rogoznica.hr\/nova\/wp-content\/uploads\/2024\/03\/sluzbeni-vjesnik_04_2024-Opcina-Rogoznica-7.pdf\">slu\u017ebeni vjesnik_04_2024.PDF<\/a><\/p>\n<p><a href=\"https:\/\/rogoznica.hr\/nova\/wp-content\/uploads\/2024\/03\/sluzbeni-vjesnik_03_2024-Opcina-Rogoznica-6.pdf\">slu\u017ebeni vjesnik_03_2024.PDF<\/a><\/p>\n<p><a href=\"https:\/\/rogoznica.hr\/nova\/wp-content\/uploads\/2024\/02\/sluzbeni-vjesnik_02_2024-Opcina-Rogoznica-3.pdf\">slu\u017ebeni vjesnik_02_2024.PDF<\/a><\/p>\n<p><a href=\"https:\/\/rogoznica.hr\/nova\/wp-content\/uploads\/2024\/03\/sluzbeni-vijesnik_01_2024-Opcina-Rogoznica-1.pdf\">slu\u017ebeni vijesnik_01_2024.PDF<\/a><\/p>\n","protected":false},"excerpt":{"rendered":"<p>slu\u017ebeni vjesnik_07_2024.PDF slu\u017ebeni vjesnik_06_2024.PDF slu\u017ebeni vijesnik_05_2024.PDF slu\u017ebeni vjesnik_04_2024.PDF slu\u017ebeni vjesnik_03_2024.PDF slu\u017ebeni vjesnik_02_2024.PDF slu\u017ebeni vijesnik_01_2024.PDF<\/p>\n","protected":false},"author":1,"featured_media":0,"parent":0,"menu_order":0,"comment_status":"closed","ping_status":"closed","template":"","meta":[],"_links":{"self":[{"href":"https:\/\/rogoznica.hr\/nova\/wp-json\/wp\/v2\/pages\/6239"}],"collection":[{"href":"https:\/\/rogoznica.hr\/nova\/wp-json\/wp\/v2\/pages"}],"about":[{"href":"https:\/\/rogoznica.hr\/nova\/wp-json\/wp\/v2\/types\/page"}],"author":[{"embeddable":true,"href":"https:\/\/rogoznica.hr\/nova\/wp-json\/wp\/v2\/users\/1"}],"replies":[{"embeddable":true,"href":"https:\/\/rogoznica.hr\/nova\/wp-json\/wp\/v2\/comments?post=6239"}],"version-history":[{"count":10,"href":"https:\/\/rogoznica.hr\/nova\/wp-json\/wp\/v2\/pages\/6239\/revisions"}],"predecessor-version":[{"id":6483,"href":"https:\/\/rogoznica.hr\/nova\/wp-json\/wp\/v2\/pages\/6239\/revisions\/6483"}],"wp:attachment":[{"href":"https:\/\/rogoznica.hr\/nova\/wp-json\/wp\/v2\/media?parent=6239"}],"curies":[{"name":"wp","href":"https:\/\/api.w.org\/{rel}","templated":true}]}}